{"id":2,"date":"2024-01-04T13:05:56","date_gmt":"2024-01-04T12:05:56","guid":{"rendered":"https:\/\/boletin.ieingenieria.com\/?page_id=2"},"modified":"2024-01-11T19:12:31","modified_gmt":"2024-01-11T18:12:31","slug":"pagina-ejemplo","status":"publish","type":"page","link":"https:\/\/boletin.ieingenieria.com\/","title":{"rendered":"Home"},"content":{"rendered":"<p>[et_pb_section fb_built=&#8221;1&#8243; specialty=&#8221;on&#8221; _builder_version=&#8221;4.23.4&#8243; _module_preset=&#8221;default&#8221; background_image=&#8221;https:\/\/boletin.ieingenieria.com\/wp-content\/uploads\/2024\/01\/IMG_4211.png&#8221; background_enable_mask_style=&#8221;on&#8221; background_mask_style=&#8221;diagonal&#8221; background_mask_color=&#8221;#003066&#8243; background_mask_transform=&#8221;invert&#8221; background_mask_size=&#8221;custom&#8221; background_mask_width=&#8221;100%&#8221; background_mask_height=&#8221;100%&#8221; background_mask_position=&#8221;top_right&#8221; background_mask_horizontal_offset=&#8221;-17%&#8221; custom_padding=&#8221;||0px|||&#8221; filter_contrast=&#8221;113%&#8221; hover_enabled=&#8221;0&#8243; global_colors_info=&#8221;{}&#8221; disabled_on=&#8221;on|on|off&#8221; sticky_enabled=&#8221;0&#8243;][et_pb_column type=&#8221;1_2&#8243; _builder_version=&#8221;4.16&#8243; custom_padding=&#8221;|||&#8221; global_colors_info=&#8221;{}&#8221; custom_padding__hover=&#8221;|||&#8221;][\/et_pb_column][et_pb_column type=&#8221;1_2&#8243; specialty_columns=&#8221;2&#8243; _builder_version=&#8221;4.16&#8243; custom_padding=&#8221;|||&#8221; global_colors_info=&#8221;{}&#8221; custom_padding__hover=&#8221;|||&#8221;][et_pb_row_inner _builder_version=&#8221;4.23.4&#8243; _module_preset=&#8221;default&#8221; custom_margin=&#8221;|-17px||||&#8221; global_colors_info=&#8221;{}&#8221;][et_pb_column_inner saved_specialty_column_type=&#8221;1_2&#8243; _builder_version=&#8221;4.23.4&#8243; _module_preset=&#8221;default&#8221; global_colors_info=&#8221;{}&#8221;][et_pb_text _builder_version=&#8221;4.23.4&#8243; _module_preset=&#8221;default&#8221; header_font=&#8221;|800|||||||&#8221; header_text_color=&#8221;#fab900&#8243; header_font_size=&#8221;68px&#8221; header_letter_spacing=&#8221;5px&#8221; custom_margin=&#8221;|-128px||||&#8221; custom_padding=&#8221;|0px||268px||&#8221; global_colors_info=&#8221;{}&#8221;]<\/p>\n<h1>Revista Interna<\/h1>\n<p>[\/et_pb_text][et_pb_text _builder_version=&#8221;4.23.4&#8243; _module_preset=&#8221;default&#8221; header_font=&#8221;|700|||||||&#8221; header_text_color=&#8221;#fab900&#8243; header_font_size=&#8221;58px&#8221; header_letter_spacing=&#8221;5px&#8221; custom_margin=&#8221;|-128px||||&#8221; custom_padding=&#8221;|0px||210px||&#8221; global_colors_info=&#8221;{}&#8221;]<\/p>\n<h1>Enero 2024 <br \/>Nro. 106<\/h1>\n<p>[\/et_pb_text][et_pb_image src=&#8221;https:\/\/boletin.ieingenieria.com\/wp-content\/uploads\/2024\/01\/Logo-Geotecnia-blanco.png&#8221; title_text=&#8221;Logo Geotecnia blanco&#8221; _builder_version=&#8221;4.23.4&#8243; _module_preset=&#8221;default&#8221; width=&#8221;100%&#8221; height=&#8221;240px&#8221; custom_padding=&#8221;|||286px||&#8221; global_colors_info=&#8221;{}&#8221;][\/et_pb_image][\/et_pb_column_inner][\/et_pb_row_inner][\/et_pb_column][\/et_pb_section][et_pb_section fb_built=&#8221;1&#8243; specialty=&#8221;on&#8221; _builder_version=&#8221;4.23.4&#8243; _module_preset=&#8221;default&#8221; background_image=&#8221;https:\/\/boletin.ieingenieria.com\/wp-content\/uploads\/2024\/01\/IMG_4211.png&#8221; background_enable_mask_style=&#8221;on&#8221; background_mask_style=&#8221;arch&#8221; background_mask_color=&#8221;rgba(0,48,102,0.66)&#8221; background_mask_transform=&#8221;flip_horizontal&#8221; background_mask_size=&#8221;custom&#8221; background_mask_width=&#8221;90%&#8221; background_mask_height=&#8221;100%&#8221; background_mask_position=&#8221;bottom_right&#8221; background_mask_horizontal_offset=&#8221;-22%&#8221; custom_padding=&#8221;|1px|0px|||&#8221; filter_contrast=&#8221;113%&#8221; hover_enabled=&#8221;0&#8243; global_colors_info=&#8221;{}&#8221; disabled_on=&#8221;off|off|on&#8221; sticky_enabled=&#8221;0&#8243; custom_margin=&#8221;|-131px||||&#8221; background_mask_vertical_offset=&#8221;-17%&#8221; background_mask_aspect_ratio=&#8221;square&#8221;][et_pb_column type=&#8221;1_2&#8243; _builder_version=&#8221;4.16&#8243; custom_padding=&#8221;|||&#8221; global_colors_info=&#8221;{}&#8221; custom_padding__hover=&#8221;|||&#8221;][\/et_pb_column][et_pb_column type=&#8221;1_2&#8243; specialty_columns=&#8221;2&#8243; _builder_version=&#8221;4.16&#8243; custom_padding=&#8221;|||&#8221; global_colors_info=&#8221;{}&#8221; custom_padding__hover=&#8221;|||&#8221;][et_pb_row_inner _builder_version=&#8221;4.23.4&#8243; _module_preset=&#8221;default&#8221; custom_margin=&#8221;|-17px||||&#8221; global_colors_info=&#8221;{}&#8221;][et_pb_column_inner saved_specialty_column_type=&#8221;1_2&#8243; _builder_version=&#8221;4.23.4&#8243; _module_preset=&#8221;default&#8221; global_colors_info=&#8221;{}&#8221;][et_pb_image src=&#8221;https:\/\/boletin.ieingenieria.com\/wp-content\/uploads\/2024\/01\/Logo-Geotecnia-blanco.png&#8221; title_text=&#8221;Logo Geotecnia blanco&#8221; _builder_version=&#8221;4.23.4&#8243; _module_preset=&#8221;default&#8221; width=&#8221;100%&#8221; height=&#8221;138px&#8221; custom_padding=&#8221;||0px|161px||&#8221; hover_enabled=&#8221;0&#8243; global_colors_info=&#8221;{}&#8221; sticky_enabled=&#8221;0&#8243; custom_margin=&#8221;|-46px||||&#8221;][\/et_pb_image][\/et_pb_column_inner][\/et_pb_row_inner][\/et_pb_column][\/et_pb_section][et_pb_section fb_built=&#8221;1&#8243; _builder_version=&#8221;4.23.4&#8243; _module_preset=&#8221;default&#8221; global_colors_info=&#8221;{}&#8221;][et_pb_row column_structure=&#8221;1_3,1_3,1_3&#8243; _builder_version=&#8221;4.23.4&#8243; _module_preset=&#8221;default&#8221; global_colors_info=&#8221;{}&#8221;][et_pb_column type=&#8221;1_3&#8243; _builder_version=&#8221;4.23.4&#8243; _module_preset=&#8221;default&#8221; global_colors_info=&#8221;{}&#8221;][et_pb_blog posts_number=&#8221;1&#8243; show_thumbnail=&#8221;off&#8221; excerpt_length=&#8221;150&#8243; show_author=&#8221;off&#8221; show_categories=&#8221;off&#8221; show_pagination=&#8221;off&#8221; _builder_version=&#8221;4.23.4&#8243; _dynamic_attributes=&#8221;link_option_url&#8221; _module_preset=&#8221;default&#8221; link_option_url=&#8221;@ET-DC@eyJkeW5hbWljIjp0cnVlLCJjb250ZW50IjoicG9zdF9saW5rX3VybF9wb3N0Iiwic2V0dGluZ3MiOnsicG9zdF9pZCI6IjY3In19@&#8221; global_colors_info=&#8221;{}&#8221;][\/et_pb_blog][\/et_pb_column][et_pb_column type=&#8221;1_3&#8243; _builder_version=&#8221;4.23.4&#8243; _module_preset=&#8221;default&#8221; global_colors_info=&#8221;{}&#8221;][\/et_pb_column][et_pb_column type=&#8221;1_3&#8243; _builder_version=&#8221;4.23.4&#8243; _module_preset=&#8221;default&#8221; global_colors_info=&#8221;{}&#8221;][\/et_pb_column][\/et_pb_row][\/et_pb_section]<\/p>\n","protected":false},"excerpt":{"rendered":"<p>Revista InternaEnero 2024 Nro. 106<\/p>\n","protected":false},"author":1,"featured_media":0,"parent":0,"menu_order":0,"comment_status":"closed","ping_status":"open","template":"","meta":{"_et_pb_use_builder":"on","_et_pb_old_content":"<!-- wp:paragraph -->\n<p>Esta es una p\u00e1gina de ejemplo. Es diferente a una entrada del blog porque permanecer\u00e1 en un solo lugar y aparecer\u00e1 en la navegaci\u00f3n de tu sitio (en la mayor\u00eda de los temas). La mayor\u00eda de las personas comienzan con una p\u00e1gina \u00abAcerca de\u00bb que les presenta a los visitantes potenciales del sitio. Podr\u00edas decir algo as\u00ed:<\/p>\n<!-- \/wp:paragraph -->\n\n<!-- wp:quote -->\n<blockquote class=\"wp-block-quote\"><p>\u00a1Hola! Soy camarero de d\u00eda, aspirante a actor de noche y esta es mi web. Vivo en Mairena del Alcor, tengo un perro que se llama Firulais y me gusta el rebujito. (Y las tardes largas con caf\u00e9).<\/p><\/blockquote>\n<!-- \/wp:quote -->\n\n<!-- wp:paragraph -->\n<p>\u2026o algo as\u00ed:<\/p>\n<!-- \/wp:paragraph -->\n\n<!-- wp:quote -->\n<blockquote class=\"wp-block-quote\"><p>La empresa \u00abMariscos Recio\u00bb fue fundada por Antonio Recio Mata. Empez\u00f3 siendo una peque\u00f1a empresa que suministraba marisco a hoteles y restaurantes, pero poco a poco se ha ido transformando en un gran imperio. Mariscos Recio, el mar al mejor precio.<\/p><\/blockquote>\n<!-- \/wp:quote -->\n\n<!-- wp:paragraph -->\n<p>Como nuevo usuario de WordPress, deber\u00edas ir a <a href=\"https:\/\/boletin.ieingenieria.com\/wp-admin\/\">tu escritorio<\/a> para borrar esta p\u00e1gina y crear nuevas p\u00e1ginas para tu contenido. \u00a1P\u00e1salo bien!<\/p>\n<!-- \/wp:paragraph -->","_et_gb_content_width":"","footnotes":""},"_links":{"self":[{"href":"https:\/\/boletin.ieingenieria.com\/index.php\/wp-json\/wp\/v2\/pages\/2"}],"collection":[{"href":"https:\/\/boletin.ieingenieria.com\/index.php\/wp-json\/wp\/v2\/pages"}],"about":[{"href":"https:\/\/boletin.ieingenieria.com\/index.php\/wp-json\/wp\/v2\/types\/page"}],"author":[{"embeddable":true,"href":"https:\/\/boletin.ieingenieria.com\/index.php\/wp-json\/wp\/v2\/users\/1"}],"replies":[{"embeddable":true,"href":"https:\/\/boletin.ieingenieria.com\/index.php\/wp-json\/wp\/v2\/comments?post=2"}],"version-history":[{"count":13,"href":"https:\/\/boletin.ieingenieria.com\/index.php\/wp-json\/wp\/v2\/pages\/2\/revisions"}],"predecessor-version":[{"id":85,"href":"https:\/\/boletin.ieingenieria.com\/index.php\/wp-json\/wp\/v2\/pages\/2\/revisions\/85"}],"wp:attachment":[{"href":"https:\/\/boletin.ieingenieria.com\/index.php\/wp-json\/wp\/v2\/media?parent=2"}],"curies":[{"name":"wp","href":"https:\/\/api.w.org\/{rel}","templated":true}]}}